{"id":92,"date":"2026-04-03T07:35:17","date_gmt":"2026-04-03T07:35:17","guid":{"rendered":"https:\/\/businesshub.ase.ro\/?page_id=92"},"modified":"2026-04-29T14:29:44","modified_gmt":"2026-04-29T14:29:44","slug":"leadership","status":"publish","type":"page","link":"https:\/\/businesshub.ase.ro\/index.php\/leadership\/","title":{"rendered":"Leadership"},"content":{"rendered":"\n<div class=\"wp-block-group\"><div class=\"wp-block-group__inner-container is-layout-constrained wp-block-group-is-layout-constrained\">\n<div class=\"wp-block-columns is-layout-flex wp-container-core-columns-is-layout-9d6595d7 wp-block-columns-is-layout-flex\">\n<div class=\"wp-block-column is-layout-flow wp-block-column-is-layout-flow\" style=\"flex-basis:33.33%\"><div class=\"wp-block-image\">\n<figure class=\"aligncenter size-full\"><img fetchpriority=\"high\" decoding=\"async\" width=\"224\" height=\"299\" src=\"https:\/\/businesshub.ase.ro\/wp-content\/uploads\/2026\/04\/image.png\" alt=\"\" class=\"wp-image-113\"\/><figcaption class=\"wp-element-caption\"><strong>Raluca Mariana Grosu<\/strong><\/figcaption><\/figure>\n<\/div>\n\n\n<p class=\"has-text-align-center\"><\/p>\n<\/div>\n\n\n\n<div class=\"wp-block-column is-layout-flow wp-block-column-is-layout-flow\" style=\"flex-basis:66.66%\">\n<p class=\"has-text-align-center\"><strong>Director<\/strong><\/p>\n\n\n\n<p>Pasionat\u0103 de cercetare, predare \u0219i dezvoltarea ecosistemelor antreprenoriale. Profesor de antreprenoriat la Facultatea de Business \u0219i Turism (ASE), cu experien\u021b\u0103 interna\u021bional\u0103 ca cercet\u0103tor invitat \u0219i vizitator de scurt\u0103 durat\u0103 \u00een scop de schimb de experien\u021b\u0103 \u00een domeniul antreprenoriatului la universit\u0103\u021bi de prestigiu din Europa (UK, Suedia, Finlanda, Elve\u021bia, \u021a\u0103rile de Jos, Spania, Italia). Secretar general de redac\u021bie al revistei Amfiteatru Economic \u0219i recenzor \u0219i membru \u00een comitetele de redac\u021bie a diverse reviste \u0219tiin\u021bifice. Autor\/co-autor a numeroase lucr\u0103ri \u0219tiin\u021bifice, implicat\u0103 activ \u00een proiecte de cercetare, programe de formare pentru antreprenori \u0219i ini\u021biative de sprijin pentru start-up-uri. Coordonator de lucr\u0103ri academice aplicate, cu contribu\u021bie la transformarea ideilor \u00een afaceri reale \u0219i sustenabile.<\/p>\n\n\n\n<ul class=\"wp-block-social-links is-layout-flex wp-block-social-links-is-layout-flex\"><li class=\"wp-social-link wp-social-link-linkedin  wp-block-social-link\"><a href=\"https:\/\/ro.linkedin.com\/in\/raluca-mariana-grosu?trk=people-guest_people_search-card\" class=\"wp-block-social-link-anchor\"><svg width=\"24\" height=\"24\" viewBox=\"0 0 24 24\" version=\"1.1\" xmlns=\"http:\/\/www.w3.org\/2000\/svg\" aria-hidden=\"true\" focusable=\"false\"><path d=\"M19.7,3H4.3C3.582,3,3,3.582,3,4.3v15.4C3,20.418,3.582,21,4.3,21h15.4c0.718,0,1.3-0.582,1.3-1.3V4.3 C21,3.582,20.418,3,19.7,3z M8.339,18.338H5.667v-8.59h2.672V18.338z M7.004,8.574c-0.857,0-1.549-0.694-1.549-1.548 c0-0.855,0.691-1.548,1.549-1.548c0.854,0,1.547,0.694,1.547,1.548C8.551,7.881,7.858,8.574,7.004,8.574z M18.339,18.338h-2.669 v-4.177c0-0.996-0.017-2.278-1.387-2.278c-1.389,0-1.601,1.086-1.601,2.206v4.249h-2.667v-8.59h2.559v1.174h0.037 c0.356-0.675,1.227-1.387,2.526-1.387c2.703,0,3.203,1.779,3.203,4.092V18.338z\"><\/path><\/svg><span class=\"wp-block-social-link-label screen-reader-text\">LinkedIn<\/span><\/a><\/li>\n\n<li class=\"wp-social-link wp-social-link-google  wp-block-social-link\"><a href=\"https:\/\/scholar.google.com\/citations?user=duWN8N4AAAAJ&#038;hl=en&#038;oi=ao\" class=\"wp-block-social-link-anchor\"><svg width=\"24\" height=\"24\" viewBox=\"0 0 24 24\" version=\"1.1\" xmlns=\"http:\/\/www.w3.org\/2000\/svg\" aria-hidden=\"true\" focusable=\"false\"><path d=\"M12.02,10.18v3.72v0.01h5.51c-0.26,1.57-1.67,4.22-5.5,4.22c-3.31,0-6.01-2.75-6.01-6.12s2.7-6.12,6.01-6.12 c1.87,0,3.13,0.8,3.85,1.48l2.84-2.76C16.99,2.99,14.73,2,12.03,2c-5.52,0-10,4.48-10,10s4.48,10,10,10c5.77,0,9.6-4.06,9.6-9.77 c0-0.83-0.11-1.42-0.25-2.05H12.02z\"><\/path><\/svg><span class=\"wp-block-social-link-label screen-reader-text\">Google<\/span><\/a><\/li>\n\n<li class=\"wp-social-link wp-social-link-mail  wp-block-social-link\"><a href=\"mailto:&#114;&#097;luc&#097;.&#112;&#101;&#116;&#114;e&#115;&#099;&#117;&#064;&#099;&#111;&#109;.&#097;s&#101;.&#114;&#111;\" class=\"wp-block-social-link-anchor\"><svg width=\"24\" height=\"24\" viewBox=\"0 0 24 24\" version=\"1.1\" xmlns=\"http:\/\/www.w3.org\/2000\/svg\" aria-hidden=\"true\" focusable=\"false\"><path d=\"M19,5H5c-1.1,0-2,.9-2,2v10c0,1.1.9,2,2,2h14c1.1,0,2-.9,2-2V7c0-1.1-.9-2-2-2zm.5,12c0,.3-.2.5-.5.5H5c-.3,0-.5-.2-.5-.5V9.8l7.5,5.6,7.5-5.6V17zm0-9.1L12,13.6,4.5,7.9V7c0-.3.2-.5.5-.5h14c.3,0,.5.2.5.5v.9z\"><\/path><\/svg><span class=\"wp-block-social-link-label screen-reader-text\">Mail<\/span><\/a><\/li><\/ul>\n\n\n\n<p><\/p>\n<\/div>\n<\/div>\n<\/div><\/div>\n\n\n\n<div class=\"wp-block-columns is-layout-flex wp-container-core-columns-is-layout-9d6595d7 wp-block-columns-is-layout-flex\">\n<div class=\"wp-block-column is-layout-flow wp-block-column-is-layout-flow\" style=\"flex-basis:33.33%\"><\/div>\n\n\n\n<div class=\"wp-block-column is-layout-flow wp-block-column-is-layout-flow\" style=\"flex-basis:66.66%\">\n<p class=\"has-text-align-center\"><strong>Director adjunct<\/strong><\/p>\n<\/div>\n<\/div>\n\n\n\n<div class=\"wp-block-columns is-layout-flex wp-container-core-columns-is-layout-9d6595d7 wp-block-columns-is-layout-flex\">\n<div class=\"wp-block-column is-layout-flow wp-block-column-is-layout-flow\" style=\"flex-basis:33.33%\"><\/div>\n\n\n\n<div class=\"wp-block-column is-layout-flow wp-block-column-is-layout-flow\" style=\"flex-basis:66.66%\">\n<p class=\"has-text-align-center\"><strong>Director adjunct<\/strong><\/p>\n<\/div>\n<\/div>\n\n\n\n<div class=\"wp-block-columns is-layout-flex wp-container-core-columns-is-layout-9d6595d7 wp-block-columns-is-layout-flex\">\n<div class=\"wp-block-column is-layout-flow wp-block-column-is-layout-flow\" style=\"flex-basis:33.33%\"><\/div>\n\n\n\n<div class=\"wp-block-column is-layout-flow wp-block-column-is-layout-flow\" style=\"flex-basis:66.66%\">\n<p class=\"has-text-align-center\"><strong>Secretar \u0219tiin\u021bific<\/strong><\/p>\n<\/div>\n<\/div>\n\n\n\n<div class=\"wp-block-columns is-layout-flex wp-container-core-columns-is-layout-9d6595d7 wp-block-columns-is-layout-flex\">\n<div class=\"wp-block-column is-layout-flow wp-block-column-is-layout-flow\" style=\"flex-basis:33.33%\"><\/div>\n\n\n\n<div class=\"wp-block-column is-layout-flow wp-block-column-is-layout-flow\" style=\"flex-basis:66.66%\">\n<p class=\"has-text-align-center\"><strong>Secretar tehnic<\/strong><\/p>\n<\/div>\n<\/div>\n\n\n\n<div class=\"wp-block-columns is-layout-flex wp-container-core-columns-is-layout-9d6595d7 wp-block-columns-is-layout-flex\">\n<div class=\"wp-block-column is-layout-flow wp-block-column-is-layout-flow\">\n<p><strong>Centrul nostru are o tradi\u021bie de peste 20 ani. Nimic nu ar fi fost ast\u0103zi posibil f\u0103r\u0103 munca predecesorilor no\u0219tri. Mul\u021bumim echipei de conducere anterioare: director, prof. univ. dr. Marieta Olaru; director adjunct, prof. univ. dr. Bogdan Onete (d. 2024); director adjunct, prof. univ. dr. Roxana S\u00e2rbu; secretar \u0219tiin\u021bific, conf. univ. dr. Mihaela Maftei; secretar administrativ, asist. univ. dr. Gabriel Sabou.<\/strong><\/p>\n<\/div>\n<\/div>\n\n\n\n<p><\/p>\n","protected":false},"excerpt":{"rendered":"<p>Director Pasionat\u0103 de cercetare, predare \u0219i dezvoltarea ecosistemelor antreprenoriale. Profesor de antreprenoriat la Facultatea de Business \u0219i Turism (ASE), cu experien\u021b\u0103 interna\u021bional\u0103 ca cercet\u0103tor invitat \u0219i vizitator de scurt\u0103 durat\u0103 \u00een scop de schimb de experien\u021b\u0103 \u00een domeniul antreprenoriatului la universit\u0103\u021bi de prestigiu din Europa (UK, Suedia, Finlanda, Elve\u021bia, \u021a\u0103rile de Jos, Spania, Italia). Secretar&hellip;&nbsp;<\/p>\n","protected":false},"author":1,"featured_media":0,"parent":0,"menu_order":0,"comment_status":"closed","ping_status":"closed","template":"","meta":{"neve_meta_sidebar":"","neve_meta_container":"","neve_meta_enable_content_width":"","neve_meta_content_width":0,"neve_meta_title_alignment":"","neve_meta_author_avatar":"","neve_post_elements_order":"","neve_meta_disable_header":"","neve_meta_disable_footer":"","neve_meta_disable_title":"","footnotes":""},"class_list":["post-92","page","type-page","status-publish","hentry"],"_links":{"self":[{"href":"https:\/\/businesshub.ase.ro\/index.php\/wp-json\/wp\/v2\/pages\/92","targetHints":{"allow":["GET"]}}],"collection":[{"href":"https:\/\/businesshub.ase.ro\/index.php\/wp-json\/wp\/v2\/pages"}],"about":[{"href":"https:\/\/businesshub.ase.ro\/index.php\/wp-json\/wp\/v2\/types\/page"}],"author":[{"embeddable":true,"href":"https:\/\/businesshub.ase.ro\/index.php\/wp-json\/wp\/v2\/users\/1"}],"replies":[{"embeddable":true,"href":"https:\/\/businesshub.ase.ro\/index.php\/wp-json\/wp\/v2\/comments?post=92"}],"version-history":[{"count":12,"href":"https:\/\/businesshub.ase.ro\/index.php\/wp-json\/wp\/v2\/pages\/92\/revisions"}],"predecessor-version":[{"id":278,"href":"https:\/\/businesshub.ase.ro\/index.php\/wp-json\/wp\/v2\/pages\/92\/revisions\/278"}],"wp:attachment":[{"href":"https:\/\/businesshub.ase.ro\/index.php\/wp-json\/wp\/v2\/media?parent=92"}],"curies":[{"name":"wp","href":"https:\/\/api.w.org\/{rel}","templated":true}]}}