{"id":8,"date":"2026-03-18T13:09:54","date_gmt":"2026-03-18T13:09:54","guid":{"rendered":"https:\/\/businesshub.ase.ro\/?page_id=8"},"modified":"2026-04-29T15:48:49","modified_gmt":"2026-04-29T15:48:49","slug":"home","status":"publish","type":"page","link":"https:\/\/businesshub.ase.ro\/","title":{"rendered":"Home"},"content":{"rendered":"\n<p><\/p>\n\n\n\n<p><\/p>\n\n\n\n<p class=\"has-text-align-center\"><\/p>\n\n\n<div><img fetchpriority=\"high\" decoding=\"async\" width=\"300\" height=\"300\" class=\"wp-image-79 aligncenter\" src=\"https:\/\/businesshub.ase.ro\/wp-content\/uploads\/2026\/04\/logo-CCAA-300x300.jpeg\" alt=\"\" srcset=\"https:\/\/businesshub.ase.ro\/wp-content\/uploads\/2026\/04\/logo-CCAA-300x300.jpeg 300w, https:\/\/businesshub.ase.ro\/wp-content\/uploads\/2026\/04\/logo-CCAA-150x150.jpeg 150w, https:\/\/businesshub.ase.ro\/wp-content\/uploads\/2026\/04\/logo-CCAA-768x768.jpeg 768w, https:\/\/businesshub.ase.ro\/wp-content\/uploads\/2026\/04\/logo-CCAA.jpeg 1024w\" sizes=\"(max-width: 300px) 100vw, 300px\" \/><\/div>\n\n\n<p class=\"has-text-align-center\"><strong>CENTRUL DE CERCET<\/strong><strong>\u0102RI ADMINISTRAREA AFACERILOR<\/strong><\/p>\n\n\n\n<p class=\"has-text-align-center\">Punte \u00eentre excelen\u021ba academic\u0103 \u0219i performan\u021ba \u00een afaceri<\/p>\n\n\n\n<p>Centru de inovare \u0219i cercetare strategic\u0103, dedicat explor\u0103rii dinamicii complexe a mediului de afaceri contemporan. \u00centr-o er\u0103 caracterizat\u0103 de transformarea digital\u0103, incertitudinea economic\u0103 \u0219i provoc\u0103rile legate de sustenabilitate, transform\u0103m teoriile riguroase \u00een solu\u021bii concrete, cu impact. Nu ne limit\u0103m la studiul fenomenelor economice, ci co-cre\u0103m viitorul organiza\u021biilor prin colabor\u0103ri str\u00e2nse cu mediul privat, institu\u021bii publice, reprezentan\u021bi ai societ\u0103\u021bii civile \u0219i parteneri interna\u021bionali.<\/p>\n\n\n\n<div class=\"wp-block-columns is-layout-flex wp-container-core-columns-is-layout-9d6595d7 wp-block-columns-is-layout-flex\">\n<div class=\"wp-block-column is-layout-flow wp-block-column-is-layout-flow\">\n<figure class=\"wp-block-image size-full is-resized\"><img decoding=\"async\" width=\"596\" height=\"219\" src=\"https:\/\/businesshub.ase.ro\/wp-content\/uploads\/2026\/04\/image-5.png\" alt=\"\" class=\"wp-image-267\" style=\"aspect-ratio:2.721447721179625;object-fit:cover;width:300px\" srcset=\"https:\/\/businesshub.ase.ro\/wp-content\/uploads\/2026\/04\/image-5.png 596w, https:\/\/businesshub.ase.ro\/wp-content\/uploads\/2026\/04\/image-5-300x110.png 300w\" sizes=\"(max-width: 596px) 100vw, 596px\" \/><\/figure>\n<\/div>\n\n\n\n<div class=\"wp-block-column is-layout-flow wp-block-column-is-layout-flow\">\n<p class=\"has-text-align-left\"><strong>Link-uri utile:<\/strong> <\/p>\n\n\n\n<p class=\"has-small-font-size\"><a href=\"https:\/\/www.ase.ro\/\">Academia de Studii Economice din Bucure\u0219ti<\/a><\/p>\n\n\n\n<p class=\"has-small-font-size\"><a href=\"https:\/\/cercetare.ase.ro\/ro\/acasa\/\">Direc\u021bia Managementul Cercet\u0103rii \u0219i Inov\u0103rii<\/a><\/p>\n\n\n\n<p class=\"has-small-font-size\"><a href=\"https:\/\/bt.ase.ro\/\">Facultatea de Business \u0219i Turism<\/a><\/p>\n\n\n\n<p class=\"has-small-font-size\"><a href=\"https:\/\/doctorat.ase.ro\/programe\/administrarea-afacerilor\/administrarea-afacerilor-i\/\">\u0218coala Doctoral\u0103 Adminstrarea Afacerilor I<\/a><\/p>\n\n\n\n<p class=\"has-small-font-size\"><a href=\"https:\/\/www.amfiteatrueconomic.ro\/Home_Ro.aspx\">Revista Amfiteatru Economic<\/a><\/p>\n\n\n\n<p class=\"has-small-font-size\"><a href=\"https:\/\/conference.ase.ro\/\">BASIQ International Conference on New Trends in Sustainable Business and Consumption<\/a><strong><\/strong><\/p>\n<\/div>\n<\/div>\n\n\n\n<p><\/p>\n","protected":false},"excerpt":{"rendered":"<p>CENTRUL DE CERCET\u0102RI ADMINISTRAREA AFACERILOR Punte \u00eentre excelen\u021ba academic\u0103 \u0219i performan\u021ba \u00een afaceri Centru de inovare \u0219i cercetare strategic\u0103, dedicat explor\u0103rii dinamicii complexe a mediului de afaceri contemporan. \u00centr-o er\u0103 caracterizat\u0103 de transformarea digital\u0103, incertitudinea economic\u0103 \u0219i provoc\u0103rile legate de sustenabilitate, transform\u0103m teoriile riguroase \u00een solu\u021bii concrete, cu impact. Nu ne limit\u0103m la studiul fenomenelor&hellip;&nbsp;<\/p>\n","protected":false},"author":1,"featured_media":0,"parent":0,"menu_order":0,"comment_status":"closed","ping_status":"closed","template":"","meta":{"neve_meta_sidebar":"","neve_meta_container":"","neve_meta_enable_content_width":"on","neve_meta_content_width":100,"neve_meta_title_alignment":"","neve_meta_author_avatar":"","neve_post_elements_order":"","neve_meta_disable_header":"","neve_meta_disable_footer":"","neve_meta_disable_title":"on","footnotes":""},"class_list":["post-8","page","type-page","status-publish","hentry"],"_links":{"self":[{"href":"https:\/\/businesshub.ase.ro\/index.php\/wp-json\/wp\/v2\/pages\/8","targetHints":{"allow":["GET"]}}],"collection":[{"href":"https:\/\/businesshub.ase.ro\/index.php\/wp-json\/wp\/v2\/pages"}],"about":[{"href":"https:\/\/businesshub.ase.ro\/index.php\/wp-json\/wp\/v2\/types\/page"}],"author":[{"embeddable":true,"href":"https:\/\/businesshub.ase.ro\/index.php\/wp-json\/wp\/v2\/users\/1"}],"replies":[{"embeddable":true,"href":"https:\/\/businesshub.ase.ro\/index.php\/wp-json\/wp\/v2\/comments?post=8"}],"version-history":[{"count":13,"href":"https:\/\/businesshub.ase.ro\/index.php\/wp-json\/wp\/v2\/pages\/8\/revisions"}],"predecessor-version":[{"id":295,"href":"https:\/\/businesshub.ase.ro\/index.php\/wp-json\/wp\/v2\/pages\/8\/revisions\/295"}],"wp:attachment":[{"href":"https:\/\/businesshub.ase.ro\/index.php\/wp-json\/wp\/v2\/media?parent=8"}],"curies":[{"name":"wp","href":"https:\/\/api.w.org\/{rel}","templated":true}]}}