{"id":34,"date":"2026-03-18T13:19:15","date_gmt":"2026-03-18T13:19:15","guid":{"rendered":"https:\/\/businesshub.ase.ro\/?page_id=34"},"modified":"2026-04-03T16:44:31","modified_gmt":"2026-04-03T16:44:31","slug":"contact-2","status":"publish","type":"page","link":"https:\/\/businesshub.ase.ro\/index.php\/contact-2\/","title":{"rendered":"Nout\u0103\u021bi"},"content":{"rendered":"\n<div class=\"wp-block-columns is-layout-flex wp-container-core-columns-is-layout-9d6595d7 wp-block-columns-is-layout-flex\">\n<div class=\"wp-block-column is-layout-flow wp-block-column-is-layout-flow\">\n<figure class=\"wp-block-image size-large\"><img fetchpriority=\"high\" decoding=\"async\" width=\"1024\" height=\"577\" src=\"https:\/\/businesshub.ase.ro\/wp-content\/uploads\/2026\/04\/robert-10-1024x577.jpeg\" alt=\"\" class=\"wp-image-147\" style=\"aspect-ratio:16\/9;object-fit:cover\" srcset=\"https:\/\/businesshub.ase.ro\/wp-content\/uploads\/2026\/04\/robert-10-1024x577.jpeg 1024w, https:\/\/businesshub.ase.ro\/wp-content\/uploads\/2026\/04\/robert-10-300x169.jpeg 300w, https:\/\/businesshub.ase.ro\/wp-content\/uploads\/2026\/04\/robert-10-768x432.jpeg 768w, https:\/\/businesshub.ase.ro\/wp-content\/uploads\/2026\/04\/robert-10-1536x865.jpeg 1536w, https:\/\/businesshub.ase.ro\/wp-content\/uploads\/2026\/04\/robert-10.jpeg 2000w\" sizes=\"(max-width: 1024px) 100vw, 1024px\" \/><\/figure>\n<\/div>\n\n\n\n<div class=\"wp-block-column is-layout-flow wp-block-column-is-layout-flow\">\n<figure class=\"wp-block-image size-large\"><img decoding=\"async\" width=\"1024\" height=\"577\" src=\"https:\/\/businesshub.ase.ro\/wp-content\/uploads\/2026\/04\/robert-9-1024x577.jpeg\" alt=\"\" class=\"wp-image-146\" style=\"aspect-ratio:16\/9;object-fit:cover\" srcset=\"https:\/\/businesshub.ase.ro\/wp-content\/uploads\/2026\/04\/robert-9-1024x577.jpeg 1024w, https:\/\/businesshub.ase.ro\/wp-content\/uploads\/2026\/04\/robert-9-300x169.jpeg 300w, https:\/\/businesshub.ase.ro\/wp-content\/uploads\/2026\/04\/robert-9-768x432.jpeg 768w, https:\/\/businesshub.ase.ro\/wp-content\/uploads\/2026\/04\/robert-9-1536x865.jpeg 1536w, https:\/\/businesshub.ase.ro\/wp-content\/uploads\/2026\/04\/robert-9.jpeg 2000w\" sizes=\"(max-width: 1024px) 100vw, 1024px\" \/><\/figure>\n<\/div>\n\n\n\n<div class=\"wp-block-column is-layout-flow wp-block-column-is-layout-flow\">\n<figure class=\"wp-block-image size-large\"><img decoding=\"async\" width=\"1024\" height=\"577\" src=\"https:\/\/businesshub.ase.ro\/wp-content\/uploads\/2026\/04\/robert-4-1024x577.jpeg\" alt=\"\" class=\"wp-image-141\" style=\"aspect-ratio:16\/9;object-fit:cover\" srcset=\"https:\/\/businesshub.ase.ro\/wp-content\/uploads\/2026\/04\/robert-4-1024x577.jpeg 1024w, https:\/\/businesshub.ase.ro\/wp-content\/uploads\/2026\/04\/robert-4-300x169.jpeg 300w, https:\/\/businesshub.ase.ro\/wp-content\/uploads\/2026\/04\/robert-4-768x432.jpeg 768w, https:\/\/businesshub.ase.ro\/wp-content\/uploads\/2026\/04\/robert-4-1536x865.jpeg 1536w, https:\/\/businesshub.ase.ro\/wp-content\/uploads\/2026\/04\/robert-4.jpeg 2000w\" sizes=\"(max-width: 1024px) 100vw, 1024px\" \/><\/figure>\n<\/div>\n<\/div>\n\n\n\n<div class=\"wp-block-columns is-layout-flex wp-container-core-columns-is-layout-9d6595d7 wp-block-columns-is-layout-flex\">\n<div class=\"wp-block-column is-layout-flow wp-block-column-is-layout-flow\">\n<figure class=\"wp-block-image size-large\"><img loading=\"lazy\" decoding=\"async\" width=\"1024\" height=\"577\" src=\"https:\/\/businesshub.ase.ro\/wp-content\/uploads\/2026\/04\/robert-7-1024x577.jpeg\" alt=\"\" class=\"wp-image-144\" style=\"aspect-ratio:16\/9;object-fit:cover\" srcset=\"https:\/\/businesshub.ase.ro\/wp-content\/uploads\/2026\/04\/robert-7-1024x577.jpeg 1024w, https:\/\/businesshub.ase.ro\/wp-content\/uploads\/2026\/04\/robert-7-300x169.jpeg 300w, https:\/\/businesshub.ase.ro\/wp-content\/uploads\/2026\/04\/robert-7-768x432.jpeg 768w, https:\/\/businesshub.ase.ro\/wp-content\/uploads\/2026\/04\/robert-7-1536x865.jpeg 1536w, https:\/\/businesshub.ase.ro\/wp-content\/uploads\/2026\/04\/robert-7.jpeg 2000w\" sizes=\"(max-width: 1024px) 100vw, 1024px\" \/><\/figure>\n<\/div>\n\n\n\n<div class=\"wp-block-column is-layout-flow wp-block-column-is-layout-flow\">\n<figure class=\"wp-block-image size-large\"><img loading=\"lazy\" decoding=\"async\" width=\"1024\" height=\"577\" src=\"https:\/\/businesshub.ase.ro\/wp-content\/uploads\/2026\/04\/robert-6-1024x577.jpeg\" alt=\"\" class=\"wp-image-143\" style=\"aspect-ratio:16\/9;object-fit:cover\" srcset=\"https:\/\/businesshub.ase.ro\/wp-content\/uploads\/2026\/04\/robert-6-1024x577.jpeg 1024w, https:\/\/businesshub.ase.ro\/wp-content\/uploads\/2026\/04\/robert-6-300x169.jpeg 300w, https:\/\/businesshub.ase.ro\/wp-content\/uploads\/2026\/04\/robert-6-768x432.jpeg 768w, https:\/\/businesshub.ase.ro\/wp-content\/uploads\/2026\/04\/robert-6-1536x865.jpeg 1536w, https:\/\/businesshub.ase.ro\/wp-content\/uploads\/2026\/04\/robert-6.jpeg 2000w\" sizes=\"(max-width: 1024px) 100vw, 1024px\" \/><\/figure>\n<\/div>\n\n\n\n<div class=\"wp-block-column is-layout-flow wp-block-column-is-layout-flow\">\n<figure class=\"wp-block-image size-large\"><img loading=\"lazy\" decoding=\"async\" width=\"1024\" height=\"577\" src=\"https:\/\/businesshub.ase.ro\/wp-content\/uploads\/2026\/04\/robert-5-1024x577.jpeg\" alt=\"\" class=\"wp-image-142\" style=\"aspect-ratio:16\/9;object-fit:cover\" srcset=\"https:\/\/businesshub.ase.ro\/wp-content\/uploads\/2026\/04\/robert-5-1024x577.jpeg 1024w, https:\/\/businesshub.ase.ro\/wp-content\/uploads\/2026\/04\/robert-5-300x169.jpeg 300w, https:\/\/businesshub.ase.ro\/wp-content\/uploads\/2026\/04\/robert-5-768x432.jpeg 768w, https:\/\/businesshub.ase.ro\/wp-content\/uploads\/2026\/04\/robert-5-1536x865.jpeg 1536w, https:\/\/businesshub.ase.ro\/wp-content\/uploads\/2026\/04\/robert-5.jpeg 2000w\" sizes=\"(max-width: 1024px) 100vw, 1024px\" \/><\/figure>\n<\/div>\n<\/div>\n\n\n\n<div class=\"wp-block-columns is-layout-flex wp-container-core-columns-is-layout-9d6595d7 wp-block-columns-is-layout-flex\">\n<div class=\"wp-block-column is-layout-flow wp-block-column-is-layout-flow\">\n<figure class=\"wp-block-image size-large\"><img decoding=\"async\" width=\"1024\" height=\"577\" src=\"https:\/\/businesshub.ase.ro\/wp-content\/uploads\/2026\/04\/robert-4-1024x577.jpeg\" alt=\"\" class=\"wp-image-141\" style=\"aspect-ratio:16\/9;object-fit:cover\" srcset=\"https:\/\/businesshub.ase.ro\/wp-content\/uploads\/2026\/04\/robert-4-1024x577.jpeg 1024w, https:\/\/businesshub.ase.ro\/wp-content\/uploads\/2026\/04\/robert-4-300x169.jpeg 300w, https:\/\/businesshub.ase.ro\/wp-content\/uploads\/2026\/04\/robert-4-768x432.jpeg 768w, https:\/\/businesshub.ase.ro\/wp-content\/uploads\/2026\/04\/robert-4-1536x865.jpeg 1536w, https:\/\/businesshub.ase.ro\/wp-content\/uploads\/2026\/04\/robert-4.jpeg 2000w\" sizes=\"(max-width: 1024px) 100vw, 1024px\" \/><\/figure>\n<\/div>\n\n\n\n<div class=\"wp-block-column is-layout-flow wp-block-column-is-layout-flow\"><div class=\"wp-block-image\">\n<figure class=\"aligncenter size-large\"><img loading=\"lazy\" decoding=\"async\" width=\"1024\" height=\"768\" src=\"https:\/\/businesshub.ase.ro\/wp-content\/uploads\/2026\/04\/robert-3-1024x768.jpeg\" alt=\"\" class=\"wp-image-140\" style=\"aspect-ratio:16\/9;object-fit:cover\" srcset=\"https:\/\/businesshub.ase.ro\/wp-content\/uploads\/2026\/04\/robert-3-1024x768.jpeg 1024w, https:\/\/businesshub.ase.ro\/wp-content\/uploads\/2026\/04\/robert-3-300x225.jpeg 300w, https:\/\/businesshub.ase.ro\/wp-content\/uploads\/2026\/04\/robert-3-768x576.jpeg 768w, https:\/\/businesshub.ase.ro\/wp-content\/uploads\/2026\/04\/robert-3-1536x1152.jpeg 1536w, https:\/\/businesshub.ase.ro\/wp-content\/uploads\/2026\/04\/robert-3.jpeg 1824w\" sizes=\"(max-width: 1024px) 100vw, 1024px\" \/><\/figure>\n<\/div><\/div>\n\n\n\n<div class=\"wp-block-column is-layout-flow wp-block-column-is-layout-flow\"><div class=\"wp-block-image\">\n<figure class=\"aligncenter size-large\"><img loading=\"lazy\" decoding=\"async\" width=\"768\" height=\"1024\" src=\"https:\/\/businesshub.ase.ro\/wp-content\/uploads\/2026\/04\/robert-11-768x1024.jpeg\" alt=\"\" class=\"wp-image-148\" style=\"aspect-ratio:16\/9;object-fit:cover\" srcset=\"https:\/\/businesshub.ase.ro\/wp-content\/uploads\/2026\/04\/robert-11-768x1024.jpeg 768w, https:\/\/businesshub.ase.ro\/wp-content\/uploads\/2026\/04\/robert-11-225x300.jpeg 225w, https:\/\/businesshub.ase.ro\/wp-content\/uploads\/2026\/04\/robert-11-1152x1536.jpeg 1152w, https:\/\/businesshub.ase.ro\/wp-content\/uploads\/2026\/04\/robert-11.jpeg 1200w\" sizes=\"(max-width: 768px) 100vw, 768px\" \/><\/figure>\n<\/div><\/div>\n<\/div>\n\n\n\n<p>Pe 31 martie 2026, \u00een cadrul evenimentelor organizate cu ocazia anivers\u0103rii a 113 ani de la \u00eenfiin\u021barea Academiei de Studii Economice din Bucure\u0219ti, am celebrat lansarea volumului \u201e<a href=\"https:\/\/editura.ase.ro\/Innovation-management-and-design-in-business\/\">Innovation Management and Design in Business<\/a>\u201d elaborat de Conf. univ. dr. Robert Bumbac, Prof. univ. dr. Rodica Pamfilie, Prof. univ. dr. Roxana Procopie, Conf. univ. dr. Smaranda Giu\u0219c\u0103 \u0219i Conf. univ. dr. Maria-Cristina Iorgulescu, primii patru membri ai colectivului fiind colegii no\u0219tri din cadrul Centrului de Cercet\u0103ri Administrarea Afacerilor.<br>Evenimentul a reunit cadre didactice, cercet\u0103tori \u0219i practicieni interesa\u021bi de inova\u021bie, management \u0219i design \u00een mediul de afaceri, oferind un cadru valoros pentru schimb de idei \u0219i perspective asupra modului \u00een care organiza\u021biile pot integra creativitatea \u0219i g\u00e2ndirea strategic\u0103 \u00een procesele lor de dezvoltare.<br>Volumul reprezint\u0103 o contribu\u021bie important\u0103 la literatura de specialitate, abord\u00e2nd teme actuale precum inovarea deschis\u0103, inovarea radical\u0103, inovarea agil\u0103, inovarea lean, inovarea modelului de business \u0219i design thinking, \u00eentr-un context economic dinamic.<br>Felicit\u0103ri, dragi colegi!<\/p>\n\n\n\n<div class=\"wp-block-columns is-layout-flex wp-container-core-columns-is-layout-9d6595d7 wp-block-columns-is-layout-flex\">\n<div class=\"wp-block-column is-layout-flow wp-block-column-is-layout-flow\">\n<figure class=\"wp-block-image size-large\"><img loading=\"lazy\" decoding=\"async\" width=\"1024\" height=\"550\" src=\"https:\/\/businesshub.ase.ro\/wp-content\/uploads\/2026\/04\/seminar-doctoral-2-e1775214386235-1024x550.jpeg\" alt=\"\" class=\"wp-image-132\" srcset=\"https:\/\/businesshub.ase.ro\/wp-content\/uploads\/2026\/04\/seminar-doctoral-2-e1775214386235-1024x550.jpeg 1024w, https:\/\/businesshub.ase.ro\/wp-content\/uploads\/2026\/04\/seminar-doctoral-2-e1775214386235-300x161.jpeg 300w, https:\/\/businesshub.ase.ro\/wp-content\/uploads\/2026\/04\/seminar-doctoral-2-e1775214386235-768x412.jpeg 768w, https:\/\/businesshub.ase.ro\/wp-content\/uploads\/2026\/04\/seminar-doctoral-2-e1775214386235-1536x824.jpeg 1536w, https:\/\/businesshub.ase.ro\/wp-content\/uploads\/2026\/04\/seminar-doctoral-2-e1775214386235.jpeg 1580w\" sizes=\"(max-width: 1024px) 100vw, 1024px\" \/><\/figure>\n<\/div>\n\n\n\n<div class=\"wp-block-column is-layout-flow wp-block-column-is-layout-flow\">\n<figure class=\"wp-block-image size-large\"><img loading=\"lazy\" decoding=\"async\" width=\"1024\" height=\"546\" src=\"https:\/\/businesshub.ase.ro\/wp-content\/uploads\/2026\/04\/seminar-doctoral-1-e1775214452412-1024x546.jpeg\" alt=\"\" class=\"wp-image-131\" srcset=\"https:\/\/businesshub.ase.ro\/wp-content\/uploads\/2026\/04\/seminar-doctoral-1-e1775214452412-1024x546.jpeg 1024w, https:\/\/businesshub.ase.ro\/wp-content\/uploads\/2026\/04\/seminar-doctoral-1-e1775214452412-300x160.jpeg 300w, https:\/\/businesshub.ase.ro\/wp-content\/uploads\/2026\/04\/seminar-doctoral-1-e1775214452412-768x409.jpeg 768w, https:\/\/businesshub.ase.ro\/wp-content\/uploads\/2026\/04\/seminar-doctoral-1-e1775214452412-1536x819.jpeg 1536w, https:\/\/businesshub.ase.ro\/wp-content\/uploads\/2026\/04\/seminar-doctoral-1-e1775214452412.jpeg 1600w\" sizes=\"(max-width: 1024px) 100vw, 1024px\" \/><\/figure>\n<\/div>\n<\/div>\n\n\n\n<p>Colegele noastre, prof. univ. dr. Lelia Voinea, conf. univ. dr. Mihaela Maftei, conf. univ. dr. Mihaela Bucur al\u0103turi de drd. Ana-Maria Badea, asistent de cercetare, cadru didactic asociat, au sus\u021binut \u00een data de 26 martie 2026 un seminar doctoral \u00een cadrul \u0218colii Doctorale Administrarea Afacerilor I dedicat impactului crizelor globale asupra comer\u021bului agroalimentar \u0219i rolului inova\u021biei tehnologice \u00een cre\u0219terea rezilien\u021bei. Discu\u021biile au adus \u00een prim-plan solu\u021bii digitale \u0219i perspective actuale, conect\u00e2nd cercetarea cu provoc\u0103rile reale ale economiei globale.<\/p>\n","protected":false},"excerpt":{"rendered":"<p>Pe 31 martie 2026, \u00een cadrul evenimentelor organizate cu ocazia anivers\u0103rii a 113 ani de la \u00eenfiin\u021barea Academiei de Studii Economice din Bucure\u0219ti, am celebrat lansarea volumului \u201eInnovation Management and Design in Business\u201d elaborat de Conf. univ. dr. Robert Bumbac, Prof. univ. dr. Rodica Pamfilie, Prof. univ. dr. Roxana Procopie, Conf. univ. dr. Smaranda Giu\u0219c\u0103&hellip;&nbsp;<\/p>\n","protected":false},"author":1,"featured_media":0,"parent":0,"menu_order":0,"comment_status":"closed","ping_status":"closed","template":"","meta":{"neve_meta_sidebar":"","neve_meta_container":"","neve_meta_enable_content_width":"","neve_meta_content_width":0,"neve_meta_title_alignment":"","neve_meta_author_avatar":"","neve_post_elements_order":"","neve_meta_disable_header":"","neve_meta_disable_footer":"","neve_meta_disable_title":"","footnotes":""},"class_list":["post-34","page","type-page","status-publish","hentry"],"_links":{"self":[{"href":"https:\/\/businesshub.ase.ro\/index.php\/wp-json\/wp\/v2\/pages\/34","targetHints":{"allow":["GET"]}}],"collection":[{"href":"https:\/\/businesshub.ase.ro\/index.php\/wp-json\/wp\/v2\/pages"}],"about":[{"href":"https:\/\/businesshub.ase.ro\/index.php\/wp-json\/wp\/v2\/types\/page"}],"author":[{"embeddable":true,"href":"https:\/\/businesshub.ase.ro\/index.php\/wp-json\/wp\/v2\/users\/1"}],"replies":[{"embeddable":true,"href":"https:\/\/businesshub.ase.ro\/index.php\/wp-json\/wp\/v2\/comments?post=34"}],"version-history":[{"count":11,"href":"https:\/\/businesshub.ase.ro\/index.php\/wp-json\/wp\/v2\/pages\/34\/revisions"}],"predecessor-version":[{"id":165,"href":"https:\/\/businesshub.ase.ro\/index.php\/wp-json\/wp\/v2\/pages\/34\/revisions\/165"}],"wp:attachment":[{"href":"https:\/\/businesshub.ase.ro\/index.php\/wp-json\/wp\/v2\/media?parent=34"}],"curies":[{"name":"wp","href":"https:\/\/api.w.org\/{rel}","templated":true}]}}